{"id":2628,"date":"2025-10-28T19:13:07","date_gmt":"2025-10-28T19:13:07","guid":{"rendered":"https:\/\/stmichaelsmission.ca\/?page_id=2628"},"modified":"2025-12-05T13:33:39","modified_gmt":"2025-12-05T13:33:39","slug":"donation","status":"publish","type":"page","link":"https:\/\/stmichaelsmission.ca\/fr\/donation\/","title":{"rendered":"Donation"},"content":{"rendered":"<p>[et_pb_section fb_built=\u00a0\u00bb1&Prime; admin_label=\u00a0\u00bbHero\u00a0\u00bb _builder_version=\u00a0\u00bb4.18.0&Prime; _module_preset=\u00a0\u00bbdefault\u00a0\u00bb locked=\u00a0\u00bboff\u00a0\u00bb collapsed=\u00a0\u00bboff\u00a0\u00bb global_colors_info=\u00a0\u00bb{}\u00a0\u00bb][et_pb_row disabled_on=\u00a0\u00bbon|on|on\u00a0\u00bb _builder_version=\u00a0\u00bb4.27.4&Prime; _module_preset=\u00a0\u00bbdefault\u00a0\u00bb disabled=\u00a0\u00bbon\u00a0\u00bb global_colors_info=\u00a0\u00bb{}\u00a0\u00bb][et_pb_column type=\u00a0\u00bb4_4&Prime; _builder_version=\u00a0\u00bb4.27.4&Prime; _module_preset=\u00a0\u00bbdefault\u00a0\u00bb global_colors_info=\u00a0\u00bb{}\u00a0\u00bb][et_pb_image src=\u00a0\u00bbhttps:\/\/stmichaelsmission.ca\/wp-content\/uploads\/2025\/11\/2026-Facebook-cover-Fundraising-2-scaled.png\u00a0\u00bb title_text=\u00a0\u00bb2026-Facebook-cover-Fundraising (2)\u00a0\u00bb _builder_version=\u00a0\u00bb4.27.4&Prime; _module_preset=\u00a0\u00bbdefault\u00a0\u00bb global_colors_info=\u00a0\u00bb{}\u00a0\u00bb][\/et_pb_image][\/et_pb_column][\/et_pb_row][et_pb_row column_structure=\u00a0\u00bb1_2,1_2&Prime; _builder_version=\u00a0\u00bb4.27.3&Prime; _module_preset=\u00a0\u00bbdefault\u00a0\u00bb global_colors_info=\u00a0\u00bb{}\u00a0\u00bb][et_pb_column type=\u00a0\u00bb1_2&Prime; _builder_version=\u00a0\u00bb4.27.3&Prime; _module_preset=\u00a0\u00bbdefault\u00a0\u00bb global_colors_info=\u00a0\u00bb{}\u00a0\u00bb][et_pb_code _builder_version=\u00a0\u00bb4.27.3&Prime; _module_preset=\u00a0\u00bbdefault\u00a0\u00bb global_colors_info=\u00a0\u00bb{}\u00a0\u00bb]<script id=\"ch_cdn_embed\" type=\"text\/javascript\" src=\"https:\/\/www.canadahelps.org\/secure\/js\/cdf_embed.2.js\" charSet=\"utf-8\" data-language=\"en\" data-page-id=\"13128\" data-root-url=\"https:\/\/www.canadahelps.org\" data-formtype=\"1\" data-cfasync=\"false\"><\/script>[\/et_pb_code][\/et_pb_column][et_pb_column type=\u00a0\u00bb1_2&Prime; _builder_version=\u00a0\u00bb4.27.3&Prime; _module_preset=\u00a0\u00bbdefault\u00a0\u00bb global_colors_info=\u00a0\u00bb{}\u00a0\u00bb][et_pb_text _builder_version=\u00a0\u00bb4.27.4&Prime; _module_preset=\u00a0\u00bbdefault\u00a0\u00bb global_colors_info=\u00a0\u00bb{}\u00a0\u00bb]<\/p>\n<h3><b>Chaque don nous aide \u00e0 poursuivre notre mission<br \/><\/b><\/h3>\n<p><b><br \/><\/b>Avec une augmentation de 33 %* du nombre de personne en situation d&rsquo;itin\u00e9rance <span class=\"gs_tkn\">\u00e0 <\/span>Montreal, nos services sont plus n\u00e9cessaires que jamais. Nos activit\u00e9s n\u00e9cessitent un budget annuel de 600 000 dollars, et <strong>pour 2026, nous visons un objectif id\u00e9al de 1 million de dollars. <\/strong>Cela nous permettra d&rsquo;offrir plus de soutien, plus de soins et d&rsquo;atteindre encore plus de personnes qui en ont besoin.<\/p>\n<p>Votre don aujourd\u2019hui est une porte ouverte vers une possibilit\u00e9 d&rsquo;avenir meilleur pour des milliers de personnes vuln\u00e9rables au c\u0153ur de Montr\u00e9al. \u00c0 la Mission Saint-Michael, nous accompagnons depuis pr\u00e8s de 100 ans celles et ceux qui vivent dans la grande pr\u00e9carit\u00e9 et l\u2019itin\u00e9rance, en leur offrant bien plus qu\u2019un repas ou un v\u00eatement : une communaut\u00e9, un soutien, et la possibilit\u00e9 d\u2019ouvrir la porte \u00e0 la r\u00e9int\u00e9gration sociale.<\/p>\n<p>&nbsp;<\/p>\n<h3><b>Votre impact, nos objectifs 2026 :<\/b><\/h3>\n<p><b><br \/><\/b>Avec votre soutien, nous voulons aller plus loin,<\/p>\n<ul>\n<li><b>Renforcer l\u2019intervention psychosociale<\/b> pour briser l\u2019isolement et accompagner nos invit\u00e9.es dans les d\u00e9fis de tous les jours<\/li>\n<li><b>Accro\u00eetre la capacit\u00e9 de nos services alimentaires<\/b> pour r\u00e9pondre \u00e0 la demande croissante et offrir des repas chauds et des sacs de provisions \u00e0 tous.<\/li>\n<li><b>D\u00e9velopper les op\u00e9rations de notre centre de jour<\/b>, un lieu s\u00e9curitaire et accueillant pour celles et ceux qui en ont le plus besoin.<\/li>\n<li><b>Agrandir nos espaces<\/b> pour mieux servir, dans la dignit\u00e9.<\/li>\n<li><b>Renforcer notre \u00e9quipe<\/b>\u00a0gr\u00e2ce \u00e0 des formations pertinentes, am\u00e9liorer l&rsquo;organisation interne et d\u00e9velopper nos capacit\u00e9s de gestion.<\/li>\n<\/ul>\n<p>&nbsp;<\/p>\n<h3><b>En 2024, gr\u00e2ce \u00e0 vous, nous avons pu offrir :<\/b><\/h3>\n<p><b><br \/><\/b><b><\/b>80 000 repas<br \/>10 000 interventions de soutien<br \/>4 000 paniers de nourriture<\/p>\n<p>Chaque don, petit ou grand, nous rapproche de cet objectif et ouvre des portes vers de nouvelles possibilit\u00e9s !<\/p>\n<p style=\"text-align: left;\"><strong>Merci pour votre g\u00e9n\u00e9rosit\u00e9 !<\/strong><\/p>\n<p>&nbsp;<\/p>\n<p><em>*selon le bilan 2022 du \u00ab\u00a0D\u00e9nombrement des personnes en situation d\u2019itin\u00e9rance visible au Qu\u00e9bec\u00a0\u00bb<\/em><\/p>\n<p style=\"text-align: right;\"><em><br \/>Veuillez trouver la pr\u00e9sentation d\u00e9taill\u00e9e de nos<br \/>5 axes de d\u00e9veloppements pour 2026 dans ce PDF<br \/><\/em><\/p>\n<p>[\/et_pb_text][\/et_pb_column][\/et_pb_row][et_pb_row _builder_version=\u00a0\u00bb4.17.6&Prime; _module_preset=\u00a0\u00bb5138c454-be54-4233-bd3b-f8e6a8747976&Prime; global_colors_info=\u00a0\u00bb{}\u00a0\u00bb][et_pb_column type=\u00a0\u00bb4_4&Prime; _builder_version=\u00a0\u00bb4.16&Prime; _module_preset=\u00a0\u00bb73121f80-a3ef-4484-8763-c3f18e3c56d2&Prime; global_colors_info=\u00a0\u00bb{}\u00a0\u00bb][et_pb_code _builder_version=\u00a0\u00bb4.27.4&Prime; _module_preset=\u00a0\u00bbdefault\u00a0\u00bb global_colors_info=\u00a0\u00bb{}\u00a0\u00bb]<a href=\"https:\/\/stmichaelsmission.ca\/wp-content\/uploads\/2025\/11\/2025-10_DIGITAL_presentation_2026_Goals_Objectives.pdf\" class=\"pdfemb-viewer\" style=\"\" data-width=\"max\" data-height=\"max\" data-toolbar=\"bottom\" data-toolbar-fixed=\"off\">2025-10_DIGITAL_presentation_2026_Goals_Objectives<\/a>[\/et_pb_code][et_pb_slider arrows_custom_color=\u00a0\u00bb#FFFFFF\u00a0\u00bb dot_nav_custom_color=\u00a0\u00bb#FFFFFF\u00a0\u00bb _builder_version=\u00a0\u00bb4.27.4&Prime; _module_preset=\u00a0\u00bba0d0e114-2915-4078-81e1-4574521ea79b\u00a0\u00bb header_level=\u00a0\u00bbh3&Prime; header_font=\u00a0\u00bbComic Neue|Playfair Display_weight|||||||\u00a0\u00bb header_text_color=\u00a0\u00bb#FFFFFF\u00a0\u00bb header_font_size=\u00a0\u00bb32px\u00a0\u00bb header_line_height=\u00a0\u00bb1.3em\u00a0\u00bb body_font=\u00a0\u00bbSource Sans Pro|Source Sans Pro_weight|||||||\u00a0\u00bb body_text_color=\u00a0\u00bb#FFFFFF\u00a0\u00bb body_font_size=\u00a0\u00bb18px\u00a0\u00bb body_line_height=\u00a0\u00bb1.4em\u00a0\u00bb background_color=\u00a0\u00bb#049dad\u00a0\u00bb custom_button=\u00a0\u00bbon\u00a0\u00bb button_text_size=\u00a0\u00bb14px\u00a0\u00bb button_text_color=\u00a0\u00bb#049dad\u00a0\u00bb button_bg_color=\u00a0\u00bb#FFFFFF\u00a0\u00bb button_border_width=\u00a0\u00bb0px\u00a0\u00bb button_border_radius=\u00a0\u00bb100px\u00a0\u00bb button_font=\u00a0\u00bbSource Sans Pro|700|||||||\u00a0\u00bb button_custom_padding=\u00a0\u00bb12px|24px|12px|24px|true|true\u00a0\u00bb custom_padding=\u00a0\u00bb||||false|false\u00a0\u00bb header_font_size_tablet=\u00a0\u00bb22px\u00a0\u00bb header_font_size_phone=\u00a0\u00bb17px\u00a0\u00bb header_font_size_last_edited=\u00a0\u00bbon|phone\u00a0\u00bb body_font_size_tablet=\u00a0\u00bb15px\u00a0\u00bb body_font_size_phone=\u00a0\u00bb14px\u00a0\u00bb body_font_size_last_edited=\u00a0\u00bbon|desktop\u00a0\u00bb border_radii=\u00a0\u00bbon|6px|6px|6px|6px\u00a0\u00bb text_shadow_style=\u00a0\u00bbpreset3&Prime; text_shadow_color=\u00a0\u00bbRGBA(255,255,255,0)\u00a0\u00bb locked=\u00a0\u00bboff\u00a0\u00bb global_colors_info=\u00a0\u00bb{%22gcid-828accbb-1ed2-407d-95be-20ab4e191566%22:%91%22arrows_custom_color%22%93,%22#049dad%22:%91%22background_color%22%93}\u00a0\u00bb][et_pb_slide heading=\u00a0\u00bb\u00ab \u00c0 Saint-Michel, les gens peuvent b\u00e9n\u00e9ficier d&rsquo;un v\u00e9ritable soutien : un copieux petit-d\u00e9jeuner, un d\u00e9jeuner chaud, des boissons et des produits d&rsquo;\u00e9picerie. Mais le v\u00e9ritable tr\u00e9sor, c&rsquo;est l&rsquo;\u00e9nergie, la l\u00e9g\u00e8ret\u00e9 et la joie tranquille d&rsquo;appartenir \u00e0 une communaut\u00e9.\u00bb\u00a0\u00bb _builder_version=\u00a0\u00bb4.27.4&Prime; _module_preset=\u00a0\u00bbdefault\u00a0\u00bb locked=\u00a0\u00bboff\u00a0\u00bb global_colors_info=\u00a0\u00bb{}\u00a0\u00bb sticky_transition=\u00a0\u00bbon\u00a0\u00bb]<\/p>\n<p>Jenya, B\u00e9n\u00e9vole<\/p>\n<p>[\/et_pb_slide][et_pb_slide heading=\u00a0\u00bb\u00ab St Michael&rsquo;s est vraiment un lieu de transition pour moi pendant cette p\u00e9riode difficile. Il me permet de manger et de trouver du soutien. \u00bb\u00a0\u00bb _builder_version=\u00a0\u00bb4.27.4&Prime; _module_preset=\u00a0\u00bbdefault\u00a0\u00bb locked=\u00a0\u00bboff\u00a0\u00bb global_colors_info=\u00a0\u00bb{}\u00a0\u00bb sticky_transition=\u00a0\u00bbon\u00a0\u00bb]Un invit\u00e9<br \/>\n[\/et_pb_slide][et_pb_slide heading=\u00a0\u00bb\u00ab Une organisation comme la n\u00f4tre ne peut r\u00e9ussir sans la participation de personnes sinc\u00e8res et d\u00e9vou\u00e9es \u00e0 tous les niveaux, qu&rsquo;il s&rsquo;agisse de notre personnel engag\u00e9, de nos g\u00e9n\u00e9reux.ses donateurs ou de nos b\u00e9n\u00e9voles qui font de Mission St. Michael une communaut\u00e9 riche et accueillante. \u00bb\u00a0\u00bb _builder_version=\u00a0\u00bb4.27.4&Prime; _module_preset=\u00a0\u00bbdefault\u00a0\u00bb locked=\u00a0\u00bboff\u00a0\u00bb global_colors_info=\u00a0\u00bb{}\u00a0\u00bb sticky_transition=\u00a0\u00bbon\u00a0\u00bb]Andrew Marrocco, Directeur g\u00e9n\u00e9ral<br \/>\n[\/et_pb_slide][\/et_pb_slider][\/et_pb_column][\/et_pb_row][\/et_pb_section]<\/p>\n","protected":false},"excerpt":{"rendered":"<p>Chaque don nous aide \u00e0 poursuivre notre mission Avec une augmentation de 33 %* du nombre de personne en situation d&rsquo;itin\u00e9rance \u00e0 Montreal, nos services sont plus n\u00e9cessaires que jamais. Nos activit\u00e9s n\u00e9cessitent un budget annuel de 600 000 dollars, et pour 2026, nous visons un objectif id\u00e9al de 1 million de dollars. Cela nous [&hellip;]<\/p>\n","protected":false},"author":8,"featured_media":0,"parent":0,"menu_order":0,"comment_status":"closed","ping_status":"closed","template":"","meta":{"_et_pb_use_builder":"on","_et_pb_old_content":"","_et_gb_content_width":"","footnotes":""},"class_list":["post-2628","page","type-page","status-publish","hentry"],"yoast_head":"<!-- This site is optimized with the Yoast SEO plugin v26.4 - https:\/\/yoast.com\/wordpress\/plugins\/seo\/ -->\n<title>Donation - St. Michael&#039;s Mission<\/title>\n<meta name=\"robots\" content=\"index, follow, max-snippet:-1, max-image-preview:large, max-video-preview:-1\" \/>\n<link rel=\"canonical\" href=\"https:\/\/stmichaelsmission.ca\/donation\/\" \/>\n<meta property=\"og:locale\" content=\"fr_FR\" \/>\n<meta property=\"og:type\" content=\"article\" \/>\n<meta property=\"og:title\" content=\"Donation - St. Michael&#039;s Mission\" \/>\n<meta property=\"og:description\" content=\"Chaque don nous aide \u00e0 poursuivre notre mission Avec une augmentation de 33 %* du nombre de personne en situation d&#039;itin\u00e9rance \u00e0 Montreal, nos services sont plus n\u00e9cessaires que jamais. Nos activit\u00e9s n\u00e9cessitent un budget annuel de 600 000 dollars, et pour 2026, nous visons un objectif id\u00e9al de 1 million de dollars. Cela nous [&hellip;]\" \/>\n<meta property=\"og:url\" content=\"https:\/\/stmichaelsmission.ca\/donation\/\" \/>\n<meta property=\"og:site_name\" content=\"St. Michael&#039;s Mission\" \/>\n<meta property=\"article:modified_time\" content=\"2025-12-05T13:33:39+00:00\" \/>\n<meta name=\"twitter:card\" content=\"summary_large_image\" \/>\n<meta name=\"twitter:site\" content=\"@ToitRouge1\" \/>\n<meta name=\"twitter:label1\" content=\"Dur\u00e9e de lecture estim\u00e9e\" \/>\n\t<meta name=\"twitter:data1\" content=\"2 minutes\" \/>\n<script type=\"application\/ld+json\" class=\"yoast-schema-graph\">{\"@context\":\"https:\/\/schema.org\",\"@graph\":[{\"@type\":\"WebPage\",\"@id\":\"https:\/\/stmichaelsmission.ca\/donation\/\",\"url\":\"https:\/\/stmichaelsmission.ca\/donation\/\",\"name\":\"Donation - St. Michael&#039;s Mission\",\"isPartOf\":{\"@id\":\"https:\/\/stmichaelsmission.ca\/#website\"},\"datePublished\":\"2025-10-28T19:13:07+00:00\",\"dateModified\":\"2025-12-05T13:33:39+00:00\",\"breadcrumb\":{\"@id\":\"https:\/\/stmichaelsmission.ca\/donation\/#breadcrumb\"},\"inLanguage\":\"fr-FR\",\"potentialAction\":[{\"@type\":\"ReadAction\",\"target\":[\"https:\/\/stmichaelsmission.ca\/donation\/\"]}]},{\"@type\":\"BreadcrumbList\",\"@id\":\"https:\/\/stmichaelsmission.ca\/donation\/#breadcrumb\",\"itemListElement\":[{\"@type\":\"ListItem\",\"position\":1,\"name\":\"Home\",\"item\":\"https:\/\/stmichaelsmission.ca\/fr\/\"},{\"@type\":\"ListItem\",\"position\":2,\"name\":\"Donation\"}]},{\"@type\":\"WebSite\",\"@id\":\"https:\/\/stmichaelsmission.ca\/#website\",\"url\":\"https:\/\/stmichaelsmission.ca\/\",\"name\":\"St. Michael&#039;s Mission\",\"description\":\"More than just a bowl of soup\",\"publisher\":{\"@id\":\"https:\/\/stmichaelsmission.ca\/#organization\"},\"potentialAction\":[{\"@type\":\"SearchAction\",\"target\":{\"@type\":\"EntryPoint\",\"urlTemplate\":\"https:\/\/stmichaelsmission.ca\/?s={search_term_string}\"},\"query-input\":{\"@type\":\"PropertyValueSpecification\",\"valueRequired\":true,\"valueName\":\"search_term_string\"}}],\"inLanguage\":\"fr-FR\"},{\"@type\":\"Organization\",\"@id\":\"https:\/\/stmichaelsmission.ca\/#organization\",\"name\":\"St Michael's Mission\",\"url\":\"https:\/\/stmichaelsmission.ca\/\",\"logo\":{\"@type\":\"ImageObject\",\"inLanguage\":\"fr-FR\",\"@id\":\"https:\/\/stmichaelsmission.ca\/#\/schema\/logo\/image\/\",\"url\":\"https:\/\/stmichaelsmission.ca\/wp-content\/uploads\/2022\/10\/SMM_Horiz_RGB.png\",\"contentUrl\":\"https:\/\/stmichaelsmission.ca\/wp-content\/uploads\/2022\/10\/SMM_Horiz_RGB.png\",\"width\":540,\"height\":138,\"caption\":\"St Michael's Mission\"},\"image\":{\"@id\":\"https:\/\/stmichaelsmission.ca\/#\/schema\/logo\/image\/\"},\"sameAs\":[\"https:\/\/x.com\/ToitRouge1\",\"https:\/\/www.instagram.com\/stmichaelsmission\/\"]}]}<\/script>\n<!-- \/ Yoast SEO plugin. -->","yoast_head_json":{"title":"Donation - St. Michael&#039;s Mission","robots":{"index":"index","follow":"follow","max-snippet":"max-snippet:-1","max-image-preview":"max-image-preview:large","max-video-preview":"max-video-preview:-1"},"canonical":"https:\/\/stmichaelsmission.ca\/donation\/","og_locale":"fr_FR","og_type":"article","og_title":"Donation - St. Michael&#039;s Mission","og_description":"Chaque don nous aide \u00e0 poursuivre notre mission Avec une augmentation de 33 %* du nombre de personne en situation d'itin\u00e9rance \u00e0 Montreal, nos services sont plus n\u00e9cessaires que jamais. Nos activit\u00e9s n\u00e9cessitent un budget annuel de 600 000 dollars, et pour 2026, nous visons un objectif id\u00e9al de 1 million de dollars. Cela nous [&hellip;]","og_url":"https:\/\/stmichaelsmission.ca\/donation\/","og_site_name":"St. Michael&#039;s Mission","article_modified_time":"2025-12-05T13:33:39+00:00","twitter_card":"summary_large_image","twitter_site":"@ToitRouge1","twitter_misc":{"Dur\u00e9e de lecture estim\u00e9e":"2 minutes"},"schema":{"@context":"https:\/\/schema.org","@graph":[{"@type":"WebPage","@id":"https:\/\/stmichaelsmission.ca\/donation\/","url":"https:\/\/stmichaelsmission.ca\/donation\/","name":"Donation - St. Michael&#039;s Mission","isPartOf":{"@id":"https:\/\/stmichaelsmission.ca\/#website"},"datePublished":"2025-10-28T19:13:07+00:00","dateModified":"2025-12-05T13:33:39+00:00","breadcrumb":{"@id":"https:\/\/stmichaelsmission.ca\/donation\/#breadcrumb"},"inLanguage":"fr-FR","potentialAction":[{"@type":"ReadAction","target":["https:\/\/stmichaelsmission.ca\/donation\/"]}]},{"@type":"BreadcrumbList","@id":"https:\/\/stmichaelsmission.ca\/donation\/#breadcrumb","itemListElement":[{"@type":"ListItem","position":1,"name":"Home","item":"https:\/\/stmichaelsmission.ca\/fr\/"},{"@type":"ListItem","position":2,"name":"Donation"}]},{"@type":"WebSite","@id":"https:\/\/stmichaelsmission.ca\/#website","url":"https:\/\/stmichaelsmission.ca\/","name":"St. Michael&#039;s Mission","description":"More than just a bowl of soup","publisher":{"@id":"https:\/\/stmichaelsmission.ca\/#organization"},"potentialAction":[{"@type":"SearchAction","target":{"@type":"EntryPoint","urlTemplate":"https:\/\/stmichaelsmission.ca\/?s={search_term_string}"},"query-input":{"@type":"PropertyValueSpecification","valueRequired":true,"valueName":"search_term_string"}}],"inLanguage":"fr-FR"},{"@type":"Organization","@id":"https:\/\/stmichaelsmission.ca\/#organization","name":"St Michael's Mission","url":"https:\/\/stmichaelsmission.ca\/","logo":{"@type":"ImageObject","inLanguage":"fr-FR","@id":"https:\/\/stmichaelsmission.ca\/#\/schema\/logo\/image\/","url":"https:\/\/stmichaelsmission.ca\/wp-content\/uploads\/2022\/10\/SMM_Horiz_RGB.png","contentUrl":"https:\/\/stmichaelsmission.ca\/wp-content\/uploads\/2022\/10\/SMM_Horiz_RGB.png","width":540,"height":138,"caption":"St Michael's Mission"},"image":{"@id":"https:\/\/stmichaelsmission.ca\/#\/schema\/logo\/image\/"},"sameAs":["https:\/\/x.com\/ToitRouge1","https:\/\/www.instagram.com\/stmichaelsmission\/"]}]}},"_links":{"self":[{"href":"https:\/\/stmichaelsmission.ca\/fr\/wp-json\/wp\/v2\/pages\/2628","targetHints":{"allow":["GET"]}}],"collection":[{"href":"https:\/\/stmichaelsmission.ca\/fr\/wp-json\/wp\/v2\/pages"}],"about":[{"href":"https:\/\/stmichaelsmission.ca\/fr\/wp-json\/wp\/v2\/types\/page"}],"author":[{"embeddable":true,"href":"https:\/\/stmichaelsmission.ca\/fr\/wp-json\/wp\/v2\/users\/8"}],"replies":[{"embeddable":true,"href":"https:\/\/stmichaelsmission.ca\/fr\/wp-json\/wp\/v2\/comments?post=2628"}],"version-history":[{"count":29,"href":"https:\/\/stmichaelsmission.ca\/fr\/wp-json\/wp\/v2\/pages\/2628\/revisions"}],"predecessor-version":[{"id":2991,"href":"https:\/\/stmichaelsmission.ca\/fr\/wp-json\/wp\/v2\/pages\/2628\/revisions\/2991"}],"wp:attachment":[{"href":"https:\/\/stmichaelsmission.ca\/fr\/wp-json\/wp\/v2\/media?parent=2628"}],"curies":[{"name":"wp","href":"https:\/\/api.w.org\/{rel}","templated":true}]}}